{"id":3,"date":"2023-06-22T21:34:38","date_gmt":"2023-06-22T18:34:38","guid":{"rendered":"https:\/\/wp-belexalto.workpreview.ru\/?page_id=3"},"modified":"2024-11-28T11:34:16","modified_gmt":"2024-11-28T09:34:16","slug":"tietosuojakaytanto","status":"publish","type":"page","link":"https:\/\/stadinmittakaluste.fi\/materiaalit\/tietosuojakaytanto\/","title":{"rendered":"Tietosuojak\u00e4yt\u00e4nt\u00f6"},"content":{"rendered":"<div class=\"privacy__row privacy__row-1\">\r\n<h2 class=\"wp-block-heading\">1. Tietosuojaseloste<\/h2>\r\n<p>Jos sinulla on\u00a0Stadin Mittakalusteen tietosuojak\u00e4yt\u00e4nt\u00f6\u00f6n tai tietojen k\u00e4sittelemiseen liittyvi\u00e4 kysymyksi\u00e4 tai huolenaiheita, <a href=\"mailto:info@stadinmittakaluste.fi\">ota meihin yhteytt\u00e4.<\/a><\/p>\r\n<\/div>\r\n<div class=\"privacy__row privacy__row-2\">\r\n<h2>2. Rekisteriseloste<\/h2>\r\n<h3>Stadin Mittakalusteen asiakasrekisteri<\/h3>\r\n<ol>\r\n<li>Rekisterinpit\u00e4j\u00e4<br \/>\r\n<p>Nimi: Stadin Mittakaluste Oy<\/p>\r\n<p>Y-tunnus: 3265657-3<\/p>\r\n<p>Osoite: Sorvaajankatu 9a, 4 krs.<\/p>\r\n<p>Postinumero: 00880<\/p>\r\n<p>Postitoimipaikka: HELSINKI<\/p>\r\n<p>Puhelinnumero: 044 090 0221<\/p>\r\n<p>S\u00e4hk\u00f6postiosoite: info@stadinmittakaluste.fi<\/p>\r\n<\/li>\r\n<li>Rekisteriasioista vastaava henkil\u00f6 ja\/tai yhteyshenkil\u00f6 <br \/><br \/>Tietosuojavastaava, info@stadinmittakaluste.fi<br \/><br \/><\/li>\r\n<li>Rekisterin nimi <br \/><br \/>Asiakasrekisteri.<br \/><br \/><\/li>\r\n<li>Henkil\u00f6tietojen k\u00e4sittelyn tarkoitus \/ rekisterin k\u00e4ytt\u00f6tarkoitus <br \/>Henkil\u00f6tietorekisteri\u00e4 pidet\u00e4\u00e4n liiketoiminnan toteuttamista, yll\u00e4pitoa ja\u00a0kehitt\u00e4mist\u00e4 varten. Henkil\u00f6tietoja k\u00e4sitell\u00e4\u00e4n mm. mittakalusteiden suunnittelussa, laskuttamisessa, markkinointiasioissa sek\u00e4 asiakassuhteen hoitamisessa ja\u00a0kehitt\u00e4misess\u00e4, sek\u00e4 palveluiden tarjoamisessa. Rekisterin tietoja k\u00e4ytet\u00e4\u00e4n my\u00f6s asiakasviestinn\u00e4ss\u00e4. Henkil\u00f6tietojen k\u00e4sittelyn peruste on\u00a0yrityksen oikeutettu etu, asiakassuhteeseen liittyv\u00e4t sopimukset tai henkil\u00f6n suostumus.<br \/><br \/><\/li>\r\n<li>Rekisterin tietosis\u00e4lt\u00f6 <br \/><br \/>Rekisteri sis\u00e4lt\u00e4\u00e4 mm. seuraavat yksil\u00f6intitiedot: nimi, puhelinnumero ja\u00a0s\u00e4hk\u00f6postiosoite. Lis\u00e4ksi rekisteri sis\u00e4lt\u00e4\u00e4 tietoja siit\u00e4 yrityksest\u00e4, jossa henkil\u00f6 toimii. T\u00e4llaisia tietoja voivat olla yrityksen nimi, yritys- ja\u00a0yhteis\u00f6tunnus ja\u00a0osoitetiedot. T\u00e4m\u00e4n lis\u00e4ksi rekisteri voi sis\u00e4lt\u00e4\u00e4 tietoa tilatuista palveluista ja\u00a0tuotteista sek\u00e4 niiden laskutuksista. Yksityishenkil\u00f6iden osalta rekisteri saattaa sis\u00e4lt\u00e4\u00e4 my\u00f6s muita kalusteprojektien kannalta olennaisia tietoja. <br \/>Rekisteriin on\u00a0kirjattu my\u00f6s asiakkuuden perusteella syntyv\u00e4t tiedot, mm. asiakassuhteen hoitamiseen, asiakashistoriaan ja\u00a0asiakaspalvelutoimenpiteisiin liittyv\u00e4t tiedot.<br \/><br \/><\/li>\r\n<li>Henkil\u00f6tietojen s\u00e4ilytysaika <br \/><br \/>Rekisteriin ker\u00e4ttyj\u00e4 tietoja s\u00e4ilytet\u00e4\u00e4n ainoastaan niin kauan ja\u00a0siin\u00e4 laajuudessa kuin on\u00a0tarpeellista suhteessa niihin alkuper\u00e4isiin tai yhteensopiviin tarkoituksiin, joihin henkil\u00f6tiedot on\u00a0ker\u00e4tty. <br \/>Henkil\u00f6tietojen s\u00e4ilytt\u00e4misen tarvetta arvioidaan viiden vuoden v\u00e4lein; ja\u00a0joka tapauksessa rekister\u00f6ity\u00e4 henkil\u00f6\u00e4 koskevat tiedot poistetaan rekisterist\u00e4 sen j\u00e4lkeen, kun kyseisen rekister\u00f6idyn asiakassuhde rekisterinpit\u00e4j\u00e4\u00e4n on\u00a0p\u00e4\u00e4ttynyt, ja\u00a0asiakassuhteeseen liittyv\u00e4t velvollisuudet ja\u00a0toimenpiteet on\u00a0suoritettu loppuun. Rekisterinpit\u00e4j\u00e4 arvioi tietojen s\u00e4ilytt\u00e4misen tarpeellisuutta s\u00e4\u00e4nn\u00f6llisesti sis\u00e4isten k\u00e4yt\u00e4nnes\u00e4\u00e4nt\u00f6jens\u00e4 mukaisesti. Lis\u00e4ksi rekisterinpit\u00e4j\u00e4 toteuttaa kaikki mahdolliset kohtuulliset toimenpiteet sen varmistamiseksi, ett\u00e4 k\u00e4sittelyn tarkoituksiin n\u00e4hden ep\u00e4tarkat, virheelliset tai vanhentuneet henkil\u00f6tiedot poistetaan tai oikaistaan viipym\u00e4tt\u00e4.<br \/><br \/><\/li>\r\n<li>S\u00e4\u00e4nn\u00f6nmukaiset tietol\u00e4hteet <br \/><br \/>Rekisterin tiedot ker\u00e4t\u00e4\u00e4n s\u00e4\u00e4nn\u00f6nmukaisesti rekister\u00f6idylt\u00e4 itselt\u00e4\u00e4n puhelimitse, verkossa, tapaamisissa tai muulla vastaavalla tavalla. Henkil\u00f6tietoja voidaan ker\u00e4t\u00e4 ja\u00a0p\u00e4ivitt\u00e4\u00e4 yleisesti saatavilla olevista tietol\u00e4hteist\u00e4, kuten yritysten verkkosivuilta, kaupparekisterist\u00e4 sek\u00e4 muista julkisista ja\u00a0yksityisist\u00e4 rekistereist\u00e4.<br \/><br \/><\/li>\r\n<li>Tietojen s\u00e4\u00e4nn\u00f6nmukaiset luovutukset <br \/><br \/>Tietoja ei\u00a0s\u00e4\u00e4nn\u00f6nmukaisesti luovuteta rekisterist\u00e4.<br \/><br \/><\/li>\r\n<li>Tietojen siirto EU: n\u00a0tai ETA: n\u00a0ulkopuolelle <br \/><br \/>Hy\u00f6dynn\u00e4mme henkil\u00f6tietojen k\u00e4sittelyss\u00e4 lukuumme toimivia alihankkijoita. Olemme ulkoistaneet IT-hallintaa ja\u00a0viestint\u00e4teknologiaa ulkopuolisille palveluntarjoajille, joiden hallinnoimille ja\u00a0suojaamille palvelimille henkil\u00f6tietoja tallennetaan. Olemme huolehtineet alihankkijoidemme kanssa tietosuojastasi laatimalla henkil\u00f6tietojen k\u00e4sittelyn osalta k\u00e4sittelysopimuksen. <br \/>Olemme ulkoistaneet henkil\u00f6tietojesi k\u00e4sittely\u00e4 yrityksen ulkopuolisille yrityksille, jotka sijaitsevat my\u00f6s Euroopan Unionin ja\u00a0Euroopan talousalueen ulkopuolella olevissa maissa, kuten Yhdysvalloissa. N\u00e4m\u00e4 yritykset k\u00e4sitelev\u00e4t henkil\u00f6tietoja tarjotakseen esimerkiksi IT-palveluita, tai muita palveluita. Olemme varmistaneet ett\u00e4 k\u00e4ytt\u00e4m\u00e4mme alihankkijat t\u00e4ytt\u00e4v\u00e4t EU: n\u00a0tietosuoja-asetuksen asettamat vaatimukset. T\u00e4llaisissa tapauksissa riitt\u00e4v\u00e4sti tietoturvasta ja\u00a0rekisterin k\u00e4sittelyst\u00e4 huolehditaan EU-U.S. \u2014\u00a0Privacy Shield\u00a0\u2014 j\u00e4rjestelyll\u00e4.<br \/><br \/><\/li>\r\n<li>Rekisterin suojauksen periaatteet <br \/><br \/>Manuaalinen aineisto s\u00e4ilytet\u00e4\u00e4n yhti\u00f6n toimipaikoissa. ATK: lla k\u00e4sitelt\u00e4v\u00e4t tiedot ovat asianmukaisesti teknisi\u00e4 menetelmi\u00e4 k\u00e4ytt\u00e4en suojattu mm. salasanoin ja\u00a0palomuurein. Rekisteriin on\u00a0p\u00e4\u00e4sy vain erikseen nimetyill\u00e4 henkil\u00f6ill\u00e4.<br \/><br \/><\/li>\r\n<li>Tarkastus- ja\u00a0poistamisoikeus <br \/><br \/>Rekisteriss\u00e4 olevalla henkil\u00f6ll\u00e4 on\u00a0oikeus tarkistaa rekisteriin tallennetut tietonsa ja\u00a0vaatia mahdollisen virheellisen tiedon korjaamista tai puutteellisen tiedon t\u00e4ydent\u00e4mist\u00e4. Mik\u00e4li henkil\u00f6 haluaa tarkistaa h\u00e4nest\u00e4 tallennetut tiedot tai vaatia niihin oikaisua, pyynt\u00f6 tulee l\u00e4hett\u00e4\u00e4 kirjallisesti rekisterinpit\u00e4j\u00e4lle. Rekisteriss\u00e4 olevalla henkil\u00f6ll\u00e4 on\u00a0my\u00f6s oikeus pyyt\u00e4\u00e4 h\u00e4nt\u00e4 koskevien henkil\u00f6tietojen poistamiseen rekisterist\u00e4 (\u00aboikeus tulla unohdetuksi\u00bb). Pyynt\u00f6 tulee l\u00e4hett\u00e4\u00e4 kirjallisesti rekisterinpit\u00e4j\u00e4lle.<br \/>Rekisterinpit\u00e4j\u00e4 voi pyyt\u00e4\u00e4 tarvittaessa pyynn\u00f6n esitt\u00e4j\u00e4\u00e4 todistamaan henkil\u00f6llisyytens\u00e4. Rekisterinpit\u00e4j\u00e4 vastaa asiakkaalle EU: n\u00a0tietosuoja-asetuksessa s\u00e4\u00e4detyss\u00e4 ajassa (p\u00e4\u00e4s\u00e4\u00e4nt\u00f6isesti kuukauden kuluessa).<\/li>\r\n<\/ol>\r\n<\/div>\r\n<div class=\"privacy__row\">\r\n<h3>Stadin Mittakalusteen asiakasrekisteri<\/h3>\r\n<ol>\r\n<li>Rekisterinpit\u00e4j\u00e4 <br \/><br \/>Nimi: Stadin Mittakaluste Oy<br \/>\r\n<p>Y-tunnus: 3265657-3<\/p>\r\n<p>Osoite: Sorvaajankatu 9a, 4 krs.<\/p>\r\n<p>Postinumero: 00880<\/p>\r\n<p>Postitoimipaikka: HELSINKI<\/p>\r\n<p>Puhelinnumero: 044 090 0221<\/p>\r\n<p>S\u00e4hk\u00f6postiosoite: info@stadinmittakaluste.fi<\/p>\r\n<\/li>\r\n<li>Rekisteriasioista vastaava henkil\u00f6 ja\/tai yhteyshenkil\u00f6 <br \/><br \/>Tietosuojavastaava, info@stadinmittakaluste.fi<br \/><br \/><\/li>\r\n<li>Rekisterin nimi <br \/><br \/>Alinhankintarekisteri.<br \/><br \/><\/li>\r\n<li>Henkil\u00f6tietojen k\u00e4sittelyn tarkoitus \/ rekisterin k\u00e4ytt\u00f6tarkoitus <br \/><br \/>Henkil\u00f6tietorekisteri\u00e4 pidet\u00e4\u00e4n liiketoiminnan toteuttamista, yll\u00e4pitoa ja\u00a0kehitt\u00e4mist\u00e4 varten. Henkil\u00f6tietoja k\u00e4sitell\u00e4\u00e4n mm. mittakalusteiden suunnittelussa sek\u00e4 asiakassuhteen hoitamisessa ja\u00a0kehitt\u00e4misess\u00e4, sek\u00e4 palveluiden tarjoamisessa. Rekisterin tietoja k\u00e4ytet\u00e4\u00e4n my\u00f6s asiakasviestinn\u00e4ss\u00e4. <br \/>Henkil\u00f6tietojen k\u00e4sittelyn peruste on\u00a0yrityksen oikeutettu etu, asiakassuhteeseen liittyv\u00e4t sopimukset tai henkil\u00f6n suostumus.<br \/><br \/><\/li>\r\n<li>Rekisterin tietosis\u00e4lt\u00f6 <br \/><br \/>Rekisteri sis\u00e4lt\u00e4\u00e4 mm. seuraavat yksil\u00f6intitiedot: nimi, puhelinnumero ja\u00a0s\u00e4hk\u00f6postiosoite. T\u00e4m\u00e4n lis\u00e4ksi rekisteri voi sis\u00e4lt\u00e4\u00e4 tietoa tilatuista palveluista ja\u00a0tuotteista sek\u00e4 niiden laskutuksista. Yksityishenkil\u00f6iden osalta rekisteri saattaa sis\u00e4lt\u00e4\u00e4 my\u00f6s muita kalusteprojektien kannalta olennaisia tietoja. <br \/>Rekisteriin on\u00a0kirjattu my\u00f6s asiakkuuden perusteella syntyv\u00e4t tiedot, mm. asiakassuhteen hoitamiseen, asiakashistoriaan ja\u00a0asiakaspalvelutoimenpiteisiin liittyv\u00e4t tiedot.<br \/><br \/><\/li>\r\n<li>Henkil\u00f6tietojen s\u00e4ilytysaika <br \/><br \/>Rekisteriin ker\u00e4ttyj\u00e4 tietoja s\u00e4ilytet\u00e4\u00e4n ainoastaan niin kauan ja\u00a0siin\u00e4 laajuudessa kuin on\u00a0tarpeellista suhteessa niihin alkuper\u00e4isiin tai yhteensopiviin tarkoituksiin, joihin henkil\u00f6tiedot on\u00a0ker\u00e4tty. Henkil\u00f6tietojen s\u00e4ilytt\u00e4misen tarvetta arvioidaan viiden vuoden v\u00e4lein; ja\u00a0joka tapauksessa rekister\u00f6ity\u00e4 henkil\u00f6\u00e4 koskevat tiedot poistetaan rekisterist\u00e4 sen j\u00e4lkeen, kun kyseisen rekister\u00f6idyn asiakassuhde rekisterinpit\u00e4j\u00e4\u00e4n on\u00a0p\u00e4\u00e4ttynyt, ja\u00a0asiakassuhteeseen liittyv\u00e4t velvollisuudet ja\u00a0toimenpiteet on\u00a0suoritettu loppuun. <br \/>Rekisterinpit\u00e4j\u00e4 arvioi tietojen s\u00e4ilytt\u00e4misen tarpeellisuutta s\u00e4\u00e4nn\u00f6llisesti sis\u00e4isten k\u00e4yt\u00e4nnes\u00e4\u00e4nt\u00f6jens\u00e4 mukaisesti. Lis\u00e4ksi rekisterinpit\u00e4j\u00e4 toteuttaa kaikki mahdolliset kohtuulliset toimenpiteet sen varmistamiseksi, ett\u00e4 k\u00e4sittelyn tarkoituksiin n\u00e4hden ep\u00e4tarkat, virheelliset tai vanhentuneet henkil\u00f6tiedot poistetaan tai oikaistaan viipym\u00e4tt\u00e4.<br \/><br \/><\/li>\r\n<li>S\u00e4\u00e4nn\u00f6nmukaiset tietol\u00e4hteet <br \/><br \/>Rekisterin tiedot ker\u00e4t\u00e4\u00e4n s\u00e4\u00e4nn\u00f6nmukaisesti rekister\u00f6idylt\u00e4 itselt\u00e4\u00e4n puhelimitse, verkossa, tapaamisissa tai muulla vastaavalla tavalla. Henkil\u00f6tietoja voidaan ker\u00e4t\u00e4 ja\u00a0p\u00e4ivitt\u00e4\u00e4 yleisesti saatavilla olevista tietol\u00e4hteist\u00e4, kuten yritysten verkkosivuilta, kaupparekisterist\u00e4 sek\u00e4 muista julkisista ja\u00a0yksityisist\u00e4 rekistereist\u00e4.<br \/><br \/><\/li>\r\n<li>Tietojen s\u00e4\u00e4nn\u00f6nmukaiset luovutukset <br \/><br \/>Tietoja ei\u00a0s\u00e4\u00e4nn\u00f6nmukaisesti luovuteta rekisterist\u00e4.<br \/><br \/><\/li>\r\n<li>Tietojen siirto EU: n\u00a0tai ETA: n\u00a0ulkopuolelle <br \/><br \/>Hy\u00f6dynn\u00e4mme henkil\u00f6tietojen k\u00e4sittelyss\u00e4 lukuumme toimivia alihankkijoita. Olemme ulkoistaneet IT-hallintaa ja\u00a0viestint\u00e4teknologiaa ulkopuolisille palveluntarjoajille, joiden hallinnoimille ja\u00a0suojaamille palvelimille henkil\u00f6tietoja tallennetaan. Olemme huolehtineet alihankkijoidemme kanssa tietosuojastasi laatimalla henkil\u00f6tietojen k\u00e4sittelyn osalta k\u00e4sittelysopimuksen. <br \/>Olemme ulkoistaneet henkil\u00f6tietojesi k\u00e4sittely\u00e4 yrityksen ulkopuolisille yrityksille, jotka sijaitsevat my\u00f6s Euroopan Unionin ja\u00a0Euroopan talousalueen ulkopuolella olevissa maissa, kuten Yhdysvalloissa. N\u00e4m\u00e4 yritykset k\u00e4sitelev\u00e4t henkil\u00f6tietoja tarjotakseen esimerkiksi IT-palveluita, tai muita palveluita. Olemme varmistaneet ett\u00e4 k\u00e4ytt\u00e4m\u00e4mme alihankkijat t\u00e4ytt\u00e4v\u00e4t EU: n\u00a0tietosuoja-asetuksen asettamat vaatimukset. T\u00e4llaisissa tapauksissa riitt\u00e4v\u00e4sti tietoturvasta ja\u00a0rekisterin k\u00e4sittelyst\u00e4 huolehditaan EU-U.S. \u2014\u00a0Privacy Shield\u00a0\u2014 j\u00e4rjestelyll\u00e4.<br \/><br \/><\/li>\r\n<li>Rekisterin suojauksen periaatteet <br \/><br \/>Manuaalinen aineisto s\u00e4ilytet\u00e4\u00e4n yhti\u00f6n toimipaikoissa. ATK: lla k\u00e4sitelt\u00e4v\u00e4t tiedot ovat asianmukaisesti teknisi\u00e4 menetelmi\u00e4 k\u00e4ytt\u00e4en suojattu mm. salasanoin ja\u00a0palomuurein. Rekisteriin on\u00a0p\u00e4\u00e4sy vain erikseen nimetyill\u00e4 henkil\u00f6ill\u00e4.<br \/><br \/><\/li>\r\n<li>Tarkastus- ja\u00a0poistamisoikeus <br \/><br \/>Rekisteriss\u00e4 olevalla henkil\u00f6ll\u00e4 on\u00a0oikeus tarkistaa rekisteriin tallennetut tietonsa ja\u00a0vaatia mahdollisen virheellisen tiedon korjaamista tai puutteellisen tiedon t\u00e4ydent\u00e4mist\u00e4. Mik\u00e4li henkil\u00f6 haluaa tarkistaa h\u00e4nest\u00e4 tallennetut tiedot tai vaatia niihin oikaisua, pyynt\u00f6 tulee l\u00e4hett\u00e4\u00e4 kirjallisesti rekisterinpit\u00e4j\u00e4lle. Rekisteriss\u00e4 olevalla henkil\u00f6ll\u00e4 on\u00a0my\u00f6s oikeus pyyt\u00e4\u00e4 h\u00e4nt\u00e4 koskevien henkil\u00f6tietojen poistamiseen rekisterist\u00e4 (\u00aboikeus tulla unohdetuksi\u00bb). Pyynt\u00f6 tulee l\u00e4hett\u00e4\u00e4 kirjallisesti rekisterinpit\u00e4j\u00e4lle.<br \/>Rekisterinpit\u00e4j\u00e4 voi pyyt\u00e4\u00e4 tarvittaessa pyynn\u00f6n esitt\u00e4j\u00e4\u00e4 todistamaan henkil\u00f6llisyytens\u00e4. Rekisterinpit\u00e4j\u00e4 vastaa asiakkaalle EU: n\u00a0tietosuoja-asetuksessa s\u00e4\u00e4detyss\u00e4 ajassa (p\u00e4\u00e4s\u00e4\u00e4nt\u00f6isesti kuukauden kuluessa).<\/li>\r\n<\/ol>\r\n<\/div>","protected":false},"excerpt":{"rendered":"<p>1. Tietosuojaseloste Jos sinulla on\u00a0Stadin Mittakalusteen tietosuojak\u00e4yt\u00e4nt\u00f6\u00f6n tai tietojen k\u00e4sittelemiseen liittyvi\u00e4 kysymyksi\u00e4 tai huolenaiheita, ota meihin yhteytt\u00e4. 2. Rekisteriseloste Stadin Mittakalusteen asiakasrekisteri Rekisterinpit\u00e4j\u00e4 Nimi: Stadin Mittakaluste Oy Y-tunnus: 3265657-3 Osoite: Sorvaajankatu 9a, 4 krs. Postinumero: 00880 Postitoimipaikka: HELSINKI Puhelinnumero: 044 090 0221 S\u00e4hk\u00f6postiosoite: info@stadinmittakaluste.fi Rekisteriasioista vastaava henkil\u00f6 ja\/tai yhteyshenkil\u00f6 Tietosuojavastaava, info@stadinmittakaluste.fi Rekisterin nimi Asiakasrekisteri. Henkil\u00f6tietojen k\u00e4sittelyn tarkoitus \/ rekisterin k\u00e4ytt\u00f6tarkoitus&#8230;<\/p>\n","protected":false},"author":2,"featured_media":0,"parent":0,"menu_order":12,"comment_status":"closed","ping_status":"open","template":"","meta":{"inline_featured_image":false,"footnotes":""},"class_list":["post-3","page","type-page","status-publish","hentry"],"_links":{"self":[{"href":"https:\/\/stadinmittakaluste.fi\/materiaalit\/wp-json\/wp\/v2\/pages\/3","targetHints":{"allow":["GET"]}}],"collection":[{"href":"https:\/\/stadinmittakaluste.fi\/materiaalit\/wp-json\/wp\/v2\/pages"}],"about":[{"href":"https:\/\/stadinmittakaluste.fi\/materiaalit\/wp-json\/wp\/v2\/types\/page"}],"author":[{"embeddable":true,"href":"https:\/\/stadinmittakaluste.fi\/materiaalit\/wp-json\/wp\/v2\/users\/2"}],"replies":[{"embeddable":true,"href":"https:\/\/stadinmittakaluste.fi\/materiaalit\/wp-json\/wp\/v2\/comments?post=3"}],"version-history":[{"count":3,"href":"https:\/\/stadinmittakaluste.fi\/materiaalit\/wp-json\/wp\/v2\/pages\/3\/revisions"}],"predecessor-version":[{"id":7051,"href":"https:\/\/stadinmittakaluste.fi\/materiaalit\/wp-json\/wp\/v2\/pages\/3\/revisions\/7051"}],"wp:attachment":[{"href":"https:\/\/stadinmittakaluste.fi\/materiaalit\/wp-json\/wp\/v2\/media?parent=3"}],"curies":[{"name":"wp","href":"https:\/\/api.w.org\/{rel}","templated":true}]}}