{"id":13212,"date":"2025-04-16T13:22:51","date_gmt":"2025-04-16T11:22:51","guid":{"rendered":"https:\/\/stadinmittakaluste.fi\/mallisto\/?post_type=product&#038;p=13212"},"modified":"2025-09-16T19:54:54","modified_gmt":"2025-09-16T17:54:54","slug":"wobu-ulosvedettava-kenkahylly","status":"publish","type":"product","link":"https:\/\/stadinmittakaluste.fi\/materiaalit\/product\/wobu-ulosvedettava-kenkahylly\/","title":{"rendered":"WOBU ulosvedett\u00e4v\u00e4 kenk\u00e4hylly"},"content":{"rendered":"","protected":false},"excerpt":{"rendered":"","protected":false},"featured_media":13216,"template":"","meta":{"inline_featured_image":false},"product_cat":[88,120],"product_tag":[],"class_list":{"0":"post-13212","1":"product","2":"type-product","3":"status-publish","4":"has-post-thumbnail","6":"product_cat-kaapin-sisusteet","7":"product_cat-vetokorit","8":"pa_color-alumiini","9":"pa_color-anodisoitu-matta","10":"pa_color-antiikki-teras","11":"pa_color-antiikkimessinki","12":"pa_color-antiikkipronssi","13":"pa_color-antiikkirauta","14":"pa_color-antrasiitti","15":"pa_color-antrasiitti-midi","16":"pa_color-baijerilainen-pyokki","17":"pa_color-bdbr","18":"pa_color-beige","19":"pa_color-beige-messinki","20":"pa_color-beige-kiillotettu-kromi","21":"pa_color-brs","22":"pa_color-c-laatikko","23":"pa_color-carbon-musta","24":"pa_color-db","25":"pa_color-gbr","26":"pa_color-grafiitinharmaa","27":"pa_color-grbr","28":"pa_color-grfbr","29":"pa_color-harjattu-antrasiitti","30":"pa_color-harjattu-harmaa","31":"pa_color-harjattu-kromi","32":"pa_color-harjattu-kulta","33":"pa_color-harjattu-kupari","34":"pa_color-harjattu-mattakromi","35":"pa_color-harjattu-messinki","36":"pa_color-harjattu-messinki-cava","37":"pa_color-harjattu-messinki-matta-musta","38":"pa_color-harjattu-musta","39":"pa_color-harjattu-nikkeli","40":"pa_color-harjattu-pronssi","41":"pa_color-harjattu-tumma-messinki","42":"pa_color-harjattu-tumma-pronssi","43":"pa_color-harjattu-tumma-pronssi-musta-matta","44":"pa_color-harjattu-tumma-pronssi-pahkinapuu","45":"pa_color-harjattu-tumma-pronssi-tammi","46":"pa_color-harmaa","47":"pa_color-hiekanruskea","48":"pa_color-hiottu-kromi","49":"pa_color-hiottu-ruusukulta","50":"pa_color-kiiillotettu-valkoinen","51":"pa_color-kiillotettu-grafiitti","52":"pa_color-kiillotettu-kromi","53":"pa_color-kiillotettu-kulta","54":"pa_color-kiillotettu-kupari","55":"pa_color-kiillotettu-messinki","56":"pa_color-kiillotettu-musta","57":"pa_color-kiillotettu-musta-nikkeli","58":"pa_color-kiillotettu-nikkeli","59":"pa_color-kiillotettu-pronssi","60":"pa_color-kiiltava-valkoinen","61":"pa_color-kromi","62":"pa_color-kromi-matta-kromi","63":"pa_color-kromi-matta-kromi-2","64":"pa_color-kromi-matta-musta","65":"pa_color-kromi-musta","66":"pa_color-kromi-valkoinen","67":"pa_color-kulta","68":"pa_color-kulta-matta-musta","69":"pa_color-l05","70":"pa_color-l33","71":"pa_color-l619","72":"pa_color-laavaharmaa","73":"pa_color-laavaharmaa-oak","74":"pa_color-laavaharmaa-pahkina-2","75":"pa_color-laavaharmaa-pahkina","76":"pa_color-lgrf","77":"pa_color-lm23","78":"pa_color-mab","79":"pa_color-mac","80":"pa_color-mak","81":"pa_color-manty","82":"pa_color-matta-kromi","83":"pa_color-matta-kulta","84":"pa_color-matta-messinki","85":"pa_color-matta-musta","86":"pa_color-matta-musta-uohi","87":"pa_color-matta-musta-uohi-matta-musta-lakattu","88":"pa_color-matta-musta-uohi-mattamusta-lakattu","89":"pa_color-matta-musta-lakattu","90":"pa_color-matta-nikkeli","91":"pa_color-matta-valkoinen","92":"pa_color-mattaruusukulta","93":"pa_color-messinki","94":"pa_color-metalliharmaa","95":"pa_color-metallinen-ruskea","96":"pa_color-metallinen-vari","97":"pa_color-musta","98":"pa_color-musta-hiottu-nikkeli","99":"pa_color-musta-matta-pahkinapuu","100":"pa_color-musta-nikkeli","101":"pa_color-musta-harjattu-kulta","102":"pa_color-nikkeli","103":"pa_color-oliivinvihrea","104":"pa_color-onyx-kromi","105":"pa_color-orion-harmaa","106":"pa_color-os","107":"pa_color-pahkina","108":"pa_color-pinkki","109":"pa_color-platina","110":"pa_color-pronssi","111":"pa_color-pyokki","112":"pa_color-rosteri","113":"pa_color-ruostumaton-teras-rst","114":"pa_color-ruskea-harjattu-kulta","115":"pa_color-ruskea-matta-musta","116":"pa_color-ruusukulta","117":"pa_color-sammaleenharmaa","118":"pa_color-samppanjakulta","119":"pa_color-silkinvalkea","120":"pa_color-sininen","121":"pa_color-tammi","122":"pa_color-tina","123":"pa_color-tinan-musta-pbl","124":"pa_color-tinanruskea-pbr","125":"pa_color-titaani","126":"pa_color-uohi","127":"pa_color-valkoinen","128":"pa_color-valkoinen-harmaa","129":"pa_color-valkoinen-pinkki","130":"pa_color-valkoinen-sininen","131":"pa_color-valkonen-harmaa","132":"pa_color-w16","133":"pa_color-w17","134":"pa_color-wb","135":"pa_color-z03","136":"pa_color-z32","137":"pa_color-z33","138":"pa_color-z623","139":"pa_color-zm226","140":"pa_color-zm2m2","141":"pa_color-iaijerilainen-pyokki","142":"pa_size-32mm","143":"pa_size-o815","144":"pa_size-m-laatikko","145":"pa_size-o20mm","146":"pa_size-o595","147":"pa_size-o70","148":"pa_size-k-laatikko","149":"pa_size-o90mm","150":"pa_size-o38mm","151":"pa_size-musta-hiottu-nikkeli","152":"pa_size-o745","153":"pa_size-o22","154":"pa_size-e-laatikko","155":"pa_size-o120mm","156":"pa_size-o50mm","157":"pa_size-o815mm","158":"pa_size-29mm","159":"pa_size-f-laatikko","160":"pa_size-40mm","161":"pa_size-o38","162":"pa_size-o17mm","163":"pa_size-o595mm","164":"pa_size-c-laatikko","165":"pa_size-o38mm-2","166":"pa_size-o12mm","167":"pa_size-o745mm","168":"pa_size-o60mm","169":"pa_size-58mm","170":"pa_size-o50mm-2","171":"pa_size-o700mm","172":"pa_size-o75mm","173":"pa_size-35mm","174":"pa_size-26mm","175":"pa_size-o50mm-3","176":"pa_size-o750mm","177":"pa_size-o21","178":"pa_size-o25mm","179":"pa_size-41mm","180":"pa_size-o750","181":"pa_size-o685mm","182":"pa_size-o21mm","183":"pa_size-34mm","184":"pa_size-o700","185":"pa_size-427","186":"pa_size-o14mm","187":"pa_size-o685","188":"pa_size-n-laatikko","189":"pa_size-o28mm","190":"pa_size-25m","191":"pa_size-3m","192":"pa_size-42m","193":"pa_size-6mm","194":"pa_size-8mm","195":"pa_size-10mm","196":"pa_size-12mm","197":"pa_size-15mm","198":"pa_size-16mm","199":"pa_size-175mm","200":"pa_size-18mm","202":"pa_size-30mm","203":"pa_size-325mm","205":"pa_size-36mm","207":"pa_size-45mm","208":"pa_size-4820mm","209":"pa_size-49mm","210":"pa_size-50mm","211":"pa_size-52mm","212":"pa_size-55mm","214":"pa_size-60mm","215":"pa_size-63mm","216":"pa_size-155","217":"pa_size-64mm","218":"pa_size-6620mm","219":"pa_size-67mm","220":"pa_size-69mm","221":"pa_size-70mm","222":"pa_size-76mm","223":"pa_size-80mm","224":"pa_size-822mm","225":"pa_size-84mm","226":"pa_size-86mm","227":"pa_size-896mm","228":"pa_size-90mm","229":"pa_size-96m","230":"pa_size-96mm","231":"pa_size-100x100","232":"pa_size-100mm","233":"pa_size-106mm","234":"pa_size-110mm","235":"pa_size-115mm","236":"pa_size-116mm","237":"pa_size-120mm","238":"pa_size-126mm","239":"pa_size-128mm","240":"pa_size-130mm","241":"pa_size-136mm","242":"pa_size-137mm","243":"pa_size-144mm","244":"pa_size-150mm","245":"pa_size-160mm","246":"pa_size-166mm","247":"pa_size-168mm","248":"pa_size-168mm-2","249":"pa_size-170mm","250":"pa_size-180mm","251":"pa_size-190mm","252":"pa_size-192mm","253":"pa_size-197mm","254":"pa_size-200x200","255":"pa_size-200mm","256":"pa_size-208mm","257":"pa_size-220mm","258":"pa_size-224mm","259":"pa_size-226mm","260":"pa_size-230mm","261":"pa_size-239mm","262":"pa_size-240mm","263":"pa_size-250mm","264":"pa_size-256mm","265":"pa_size-288mm","266":"pa_size-296-x-705mm","267":"pa_size-297mm","268":"pa_size-300mm","269":"pa_size-300-x-705mm","270":"pa_size-320mm","271":"pa_size-328mm","272":"pa_size-350mm","273":"pa_size-352mm","274":"pa_size-384mm","275":"pa_size-400-x-705mm","276":"pa_size-400mm","277":"pa_size-416mm","278":"pa_size-425mm","279":"pa_size-448mm","280":"pa_size-450mm","281":"pa_size-450-600mm","282":"pa_size-460mm","283":"pa_size-470mm","284":"pa_size-480mm","285":"pa_size-492mm","286":"pa_size-500-x-705mm","287":"pa_size-500mm","288":"pa_size-512mm","289":"pa_size-540mm","290":"pa_size-544mm","291":"pa_size-550mm","292":"pa_size-576mm","293":"pa_size-596-x-705mm","294":"pa_size-596-x-1-850mm","295":"pa_size-597mm","296":"pa_size-600-830mm","297":"pa_size-600mm","298":"pa_size-640mm","299":"pa_size-672mm","300":"pa_size-697mm","301":"pa_size-700mm","302":"pa_size-768mm","303":"pa_size-797mm","304":"pa_size-800mm","305":"pa_size-830-1150mm","306":"pa_size-832mm","307":"pa_size-900mm","308":"pa_size-950mm","309":"pa_size-955mm","310":"pa_size-960mm","311":"pa_size-992mm","312":"pa_size-1000mm","313":"pa_size-1024mm","314":"pa_size-1056mm","315":"pa_size-1088mm","316":"pa_size-1120mm","317":"pa_size-1168mm","318":"pa_size-1178mm","319":"pa_size-1200mm","320":"pa_size-2800x2070x18mm","322":"first","323":"instock","324":"shipping-taxable","325":"purchasable","326":"product-type-variable"},"_links":{"self":[{"href":"https:\/\/stadinmittakaluste.fi\/materiaalit\/wp-json\/wp\/v2\/product\/13212","targetHints":{"allow":["GET"]}}],"collection":[{"href":"https:\/\/stadinmittakaluste.fi\/materiaalit\/wp-json\/wp\/v2\/product"}],"about":[{"href":"https:\/\/stadinmittakaluste.fi\/materiaalit\/wp-json\/wp\/v2\/types\/product"}],"wp:featuredmedia":[{"embeddable":true,"href":"https:\/\/stadinmittakaluste.fi\/materiaalit\/wp-json\/wp\/v2\/media\/13216"}],"wp:attachment":[{"href":"https:\/\/stadinmittakaluste.fi\/materiaalit\/wp-json\/wp\/v2\/media?parent=13212"}],"wp:term":[{"taxonomy":"product_cat","embeddable":true,"href":"https:\/\/stadinmittakaluste.fi\/materiaalit\/wp-json\/wp\/v2\/product_cat?post=13212"},{"taxonomy":"product_tag","embeddable":true,"href":"https:\/\/stadinmittakaluste.fi\/materiaalit\/wp-json\/wp\/v2\/product_tag?post=13212"}],"curies":[{"name":"wp","href":"https:\/\/api.w.org\/{rel}","templated":true}]}}